{"id":2461,"date":"2017-05-01T12:47:24","date_gmt":"2017-05-01T12:47:24","guid":{"rendered":"http:\/\/odysseavoyage.wpengine.com\/carriere\/"},"modified":"2018-09-27T15:05:32","modified_gmt":"2018-09-27T15:05:32","slug":"career","status":"publish","type":"page","link":"https:\/\/www.odyssea-voyage.com\/en\/career\/","title":{"rendered":"Career"},"content":{"rendered":"<p>[et_pb_section fb_built=&#8221;1&#8243; custom_padding_last_edited=&#8221;on|phone&#8221; admin_label=&#8221;section&#8221; _builder_version=&#8221;3.0.88&#8243; background_color=&#8221;rgba(28,28,28,0)&#8221; background_image=&#8221;https:\/\/www.odyssea-voyage.com\/wp-content\/uploads\/2018\/09\/carreer-banner.jpg&#8221; custom_padding=&#8221;100px||100px|&#8221; custom_padding_tablet=&#8221;70px||70px|&#8221; custom_padding_phone=&#8221;50px||50px|&#8221;][et_pb_row parallax_method_1=&#8221;off&#8221; padding_1_last_edited=&#8221;off|phone&#8221; admin_label=&#8221;row&#8221; _builder_version=&#8221;3.0.47&#8243; background_size=&#8221;initial&#8221; background_position=&#8221;top_left&#8221; background_repeat=&#8221;repeat&#8221;][et_pb_column type=&#8221;4_4&#8243; _builder_version=&#8221;3.0.47&#8243; padding_last_edited=&#8221;off|phone&#8221; parallax=&#8221;off&#8221; parallax_method=&#8221;off&#8221;][et_pb_text admin_label=&#8221;Faire carri\u00e8re chez Odyssea&#8221; _builder_version=&#8221;3.0.47&#8243; background_size=&#8221;initial&#8221; background_position=&#8221;top_left&#8221; background_repeat=&#8221;repeat&#8221; text_orientation=&#8221;center&#8221; background_layout=&#8221;dark&#8221; module_alignment=&#8221;center&#8221;]<\/p>\n<h1>Join the Odyssea team<\/h1>\n<p>[\/et_pb_text][\/et_pb_column][\/et_pb_row][\/et_pb_section][et_pb_section fb_built=&#8221;1&#8243; _builder_version=&#8221;3.0.47&#8243; custom_padding=&#8221;20px|||&#8221;][et_pb_row custom_padding=&#8221;17px|0px|0px|0px&#8221; _builder_version=&#8221;3.0.47&#8243; background_size=&#8221;initial&#8221; background_position=&#8221;top_left&#8221; background_repeat=&#8221;repeat&#8221;][et_pb_column type=&#8221;1_3&#8243; _builder_version=&#8221;3.0.47&#8243; parallax=&#8221;off&#8221; parallax_method=&#8221;on&#8221;][et_pb_image src=&#8221;https:\/\/www.odyssea-voyage.com\/wp-content\/uploads\/2017\/05\/9014_VASCO_icone-cafe-e1494247279793.png&#8221; align=&#8221;center&#8221; _builder_version=&#8221;3.0.74&#8243; max_width=&#8221;80px&#8221; custom_margin=&#8221;||40px|&#8221;][\/et_pb_image][et_pb_text admin_label=&#8221;Titre&#8221; _builder_version=&#8221;3.0.47&#8243; background_size=&#8221;initial&#8221; background_position=&#8221;top_left&#8221; background_repeat=&#8221;repeat&#8221; text_orientation=&#8221;center&#8221; module_alignment=&#8221;center&#8221;]<\/p>\n<h4>A casual environment<\/h4>\n<p>[\/et_pb_text][et_pb_text _builder_version=&#8221;3.0.47&#8243; background_size=&#8221;initial&#8221; background_position=&#8221;top_left&#8221; background_repeat=&#8221;repeat&#8221; text_orientation=&#8221;center&#8221; module_alignment=&#8221;center&#8221;] In a friendly and relaxed atmosphere between the team and travelers, spend your day with a smile. [\/et_pb_text][\/et_pb_column][et_pb_column type=&#8221;1_3&#8243; _builder_version=&#8221;3.0.47&#8243; parallax=&#8221;off&#8221; parallax_method=&#8221;on&#8221;][et_pb_image src=&#8221;https:\/\/www.odyssea-voyage.com\/wp-content\/uploads\/2017\/05\/9014_VASCO_icone-growth-e1494247293163.png&#8221; align=&#8221;center&#8221; _builder_version=&#8221;3.0.74&#8243; max_width=&#8221;100px&#8221; custom_margin=&#8221;||40px|&#8221;][\/et_pb_image][et_pb_text admin_label=&#8221;Titre&#8221; _builder_version=&#8221;3.0.47&#8243; background_size=&#8221;initial&#8221; background_position=&#8221;top_left&#8221; background_repeat=&#8221;repeat&#8221; text_orientation=&#8221;center&#8221; module_alignment=&#8221;center&#8221;]<\/p>\n<h4>Growing Agency<\/h4>\n<p>[\/et_pb_text][et_pb_text _builder_version=&#8221;3.0.47&#8243; background_size=&#8221;initial&#8221; background_position=&#8221;top_left&#8221; background_repeat=&#8221;repeat&#8221; text_orientation=&#8221;center&#8221; module_alignment=&#8221;center&#8221;]<\/p>\n<p>It\u2019s with a lot of energy and teamwork that the Odyssea travel agency was created.<\/p>\n<p>[\/et_pb_text][\/et_pb_column][et_pb_column type=&#8221;1_3&#8243; _builder_version=&#8221;3.0.47&#8243; parallax=&#8221;off&#8221; parallax_method=&#8221;on&#8221;][et_pb_image src=&#8221;https:\/\/www.odyssea-voyage.com\/wp-content\/uploads\/2017\/05\/9014_VASCO_icone-bulle-e1494247249128.png&#8221; align=&#8221;center&#8221; _builder_version=&#8221;3.0.74&#8243; max_width=&#8221;110px&#8221; custom_margin=&#8221;||40px|&#8221;][\/et_pb_image][et_pb_text admin_label=&#8221;Titre&#8221; _builder_version=&#8221;3.0.47&#8243; background_size=&#8221;initial&#8221; background_position=&#8221;top_left&#8221; background_repeat=&#8221;repeat&#8221; text_orientation=&#8221;center&#8221; module_alignment=&#8221;center&#8221;]<\/p>\n<h4>Your Voice Matters<\/h4>\n<p>[\/et_pb_text][et_pb_text _builder_version=&#8221;3.0.47&#8243; background_size=&#8221;initial&#8221; background_position=&#8221;top_left&#8221; background_repeat=&#8221;repeat&#8221; text_orientation=&#8221;center&#8221; module_alignment=&#8221;center&#8221;]<\/p>\n<p>The transparency and discussions with our team allows us to provide the best services.<\/p>\n<p>[\/et_pb_text][\/et_pb_column][\/et_pb_row][et_pb_row use_custom_width=&#8221;on&#8221; custom_width_px=&#8221;700px&#8221; custom_padding=&#8221;50px||50px|&#8221; custom_padding_tablet=&#8221;0px||0px|&#8221; custom_padding_last_edited=&#8221;on|tablet&#8221; parallax_method_1=&#8221;off&#8221; _builder_version=&#8221;3.0.47&#8243; background_size=&#8221;initial&#8221; background_position=&#8221;top_left&#8221; background_repeat=&#8221;repeat&#8221;][et_pb_column type=&#8221;4_4&#8243; _builder_version=&#8221;3.0.47&#8243; parallax=&#8221;off&#8221; parallax_method=&#8221;off&#8221;][et_pb_divider color=&#8221;#000000&#8243; divider_style=&#8221;inset&#8221; divider_position=&#8221;center&#8221; height=&#8221;30&#8243; disabled_on=&#8221;off&#8221; _builder_version=&#8221;3.2&#8243; custom_css_main_element=&#8221;max-width: 360px;|| margin: 0 auto;&#8221; hide_on_mobile=&#8221;off&#8221; saved_tabs=&#8221;all&#8221;][\/et_pb_divider][\/et_pb_column][\/et_pb_row][et_pb_row use_custom_width=&#8221;on&#8221; custom_width_px=&#8221;700px&#8221; parallax_method_1=&#8221;off&#8221; _builder_version=&#8221;3.0.47&#8243; background_size=&#8221;initial&#8221; background_position=&#8221;top_left&#8221; background_repeat=&#8221;repeat&#8221;][et_pb_column type=&#8221;4_4&#8243; _builder_version=&#8221;3.0.47&#8243; parallax=&#8221;off&#8221; parallax_method=&#8221;off&#8221;][et_pb_text admin_label=&#8221;Job opportunities&#8221; _builder_version=&#8221;3.0.47&#8243; header_text_color=&#8221;#b98617&#8243; background_size=&#8221;initial&#8221; background_position=&#8221;top_left&#8221; background_repeat=&#8221;repeat&#8221; text_orientation=&#8221;center&#8221; module_alignment=&#8221;center&#8221; custom_margin=&#8221;||30px|&#8221;]<\/p>\n<h2 class=\"page-title\"><strong>Job opportunities<\/strong><\/h2>\n<p>[\/et_pb_text][et_pb_text admin_label=&#8221;Available positions are listed down below.&#8221; _builder_version=&#8221;3.0.47&#8243; background_size=&#8221;initial&#8221; background_position=&#8221;top_left&#8221; background_repeat=&#8221;repeat&#8221; text_orientation=&#8221;center&#8221; module_alignment=&#8221;center&#8221; custom_margin=&#8221;||50px|&#8221; custom_margin_tablet=&#8221;||30px|&#8221; custom_margin_last_edited=&#8221;on|desktop&#8221;]<\/p>\n<p>Available positions are listed below.<\/p>\n<p>[\/et_pb_text][\/et_pb_column][\/et_pb_row][et_pb_row _builder_version=&#8221;3.0.47&#8243; background_size=&#8221;initial&#8221; background_position=&#8221;top_left&#8221; background_repeat=&#8221;repeat&#8221;][et_pb_column type=&#8221;4_4&#8243; _builder_version=&#8221;3.0.47&#8243; parallax=&#8221;off&#8221; parallax_method=&#8221;on&#8221;][et_pb_code _builder_version=&#8221;3.0.47&#8243;]\n\t\t\t\t\t\t\n\n[\/et_pb_code][\/et_pb_column][\/et_pb_row][\/et_pb_section][et_pb_section fb_built=&#8221;1&#8243; module_class=&#8221;form-cand&#8221; _builder_version=&#8221;3.15&#8243; background_image=&#8221;https:\/\/www.odyssea-voyage.com\/wp-content\/uploads\/2018\/09\/banner-contact-1.jpg&#8221; custom_padding=&#8221;0px||0px|&#8221;][et_pb_row custom_padding=&#8221;70px|30px|70px|30px&#8221; parallax_method_1=&#8221;off&#8221; _builder_version=&#8221;3.0.47&#8243; background_color=&#8221;rgba(0,0,0,0.8)&#8221; background_size=&#8221;initial&#8221; background_position=&#8221;top_left&#8221; background_repeat=&#8221;repeat&#8221;][et_pb_column type=&#8221;4_4&#8243; _builder_version=&#8221;3.0.47&#8243; parallax=&#8221;off&#8221; parallax_method=&#8221;off&#8221;][et_pb_text _builder_version=&#8221;3.0.47&#8243; background_size=&#8221;initial&#8221; background_position=&#8221;top_left&#8221; background_repeat=&#8221;repeat&#8221; text_orientation=&#8221;center&#8221; module_alignment=&#8221;center&#8221;]<\/p>\n<h4>CANDIDATURE SPONTAN\u00c9E<\/h4>\n<p><div class=\"frm_forms  with_frm_style frm_style_odyssea\" id=\"frm_form_13_container\" >\n<form enctype=\"multipart\/form-data\" method=\"post\" class=\"frm-show-form  frm_pro_form \" id=\"form_fty8032\" >\n<div class=\"frm_form_fields \">\n<fieldset>\n<legend class=\"frm_hidden\">Canditature spontan\u00e9e - EN<\/legend>\r\n\r\n<div class=\"frm_fields_container\">\n<input type=\"hidden\" name=\"frm_action\" value=\"create\" \/>\n<input type=\"hidden\" name=\"form_id\" value=\"13\" \/>\n<input type=\"hidden\" name=\"frm_hide_fields_13\" id=\"frm_hide_fields_13\" value=\"\" \/>\n<input type=\"hidden\" name=\"form_key\" value=\"fty8032\" \/>\n<input type=\"hidden\" name=\"item_meta[0]\" value=\"\" \/>\n<input type=\"hidden\" id=\"frm_submit_entry_13\" name=\"frm_submit_entry_13\" value=\"51fdec8e02\" \/><input type=\"hidden\" name=\"_wp_http_referer\" value=\"\/en\/wp-json\/wp\/v2\/pages\/2461\" \/><div id=\"frm_field_106_container\" class=\"frm_form_field form-field  frm_required_field frm_none_container frm_first frm_third\">\r\n    <label for=\"field_qpmxj32\" class=\"frm_primary_label\">Name\r\n        <span class=\"frm_required\">*<\/span>\r\n    <\/label>\r\n    <input  type=\"text\" id=\"field_qpmxj32\" name=\"item_meta[106]\" value=\"\"  placeholder=\"Name\" data-reqmsg=\"Ce champ ne peut pas \u00eatre vide\" aria-required=\"true\" data-invmsg=\"Name est non valide\" aria-invalid=\"false\"   \/>\r\n    \r\n    \r\n<\/div>\n<div id=\"frm_field_107_container\" class=\"frm_form_field form-field  frm_none_container frm_third\">\r\n    <label for=\"field_s35kd32\" class=\"frm_primary_label\">Telephone\r\n        <span class=\"frm_required\"><\/span>\r\n    <\/label>\r\n    <input  type=\"text\" id=\"field_s35kd32\" name=\"item_meta[107]\" value=\"\"  placeholder=\"Telephone\" data-invmsg=\"Telephone est non valide\" aria-invalid=\"false\"   \/>\r\n    \r\n    \r\n<\/div>\n<div id=\"frm_field_108_container\" class=\"frm_form_field form-field  frm_required_field frm_none_container frm_third\">\r\n    <label for=\"field_o5sr032\" class=\"frm_primary_label\">Email\r\n        <span class=\"frm_required\">*<\/span>\r\n    <\/label>\r\n    <input type=\"email\" id=\"field_o5sr032\" name=\"item_meta[108]\" value=\"\"  placeholder=\"Email\" data-reqmsg=\"Ce champ ne peut pas \u00eatre vide\" aria-required=\"true\" data-invmsg=\"Adresse email est non valide\" aria-invalid=\"false\"  \/>\r\n    \r\n    \r\n<\/div>\n<div id=\"frm_field_109_container\" class=\"frm_form_field form-field  frm_none_container frm_full\">\r\n    <label for=\"field_3ijry3\" class=\"frm_primary_label\">Message\r\n        <span class=\"frm_required\"><\/span>\r\n    <\/label>\r\n    <textarea name=\"item_meta[109]\" id=\"field_3ijry3\" rows=\"5\"  placeholder=\"Message\" data-invmsg=\"Message is invalid\" aria-invalid=\"false\"  ><\/textarea>\r\n    \r\n    \r\n<\/div>\n<div id=\"frm_field_110_container\" class=\"frm_form_field form-field  frm_top_container frm_full\">\r\n    <label for=\"field_yblx52\" class=\"frm_primary_label\">Attach a document (cv, cover letter...)\r\n        <span class=\"frm_required\"><\/span>\r\n    <\/label>\r\n    <input type=\"hidden\"  data-invmsg=\"T\u00e9l\u00e9chargement de fichier est non valide\" class=\"auto_width\" aria-invalid=\"false\"   name=\"item_meta[110][]\"  value=\"\" data-frmfile=\"110\" \/>\n\n<div class=\"frm_dropzone frm_multi_upload frm_clearfix\" id=\"file110_dropzone\" role=\"group\" >\n\t<div class=\"fallback\">\n\t\t<input type=\"file\" name=\"file110[]\" id=\"field_yblx52\"\n\t\t\t data-frmfile=\"110\" multiple=\"multiple\"  data-invmsg=\"T\u00e9l\u00e9chargement de fichier est non valide\" class=\"auto_width\" aria-invalid=\"false\"  \t\t\t\/>\n\t\t\t\t<div class=\"frm_clearfix \"><\/div>\n\t<\/div>\n\t<div class=\"dz-message needsclick\">\n\t\t\t\t<svg  viewBox=\"0 0 18 18\" class=\"frmsvg frm-svg-icon\">\n\t<path viewBox=\"0 0 18 18\" fill-rule=\"evenodd\" clip-rule=\"evenodd\" d=\"M8.2 4v8a.8.8 0 001.5 0V4l2.1 2.2A.7.7 0 1013 5L9.5 1.7a.7.7 0 00-1.1 0L5.1 5.2a.8.8 0 001 1l2.1-2zm7.6 4.3c.4 0 .7.3.7.7v6.8c0 .4-.3.7-.8.7H2.3a.8.8 0 01-.8-.8V9A.8.8 0 013 9v6h12V9c0-.4.3-.8.8-.8z\"><\/path>\n<\/svg>\t\t<span class=\"frm_upload_text\"><button type=\"button\" aria-label=\"Attach a document (cv, cover letter...). D\u00e9poser un fichier ici ou cliquer pour t\u00e9l\u00e9charger. Maximum file size: 10MB\">D\u00e9poser un fichier ici ou cliquer pour t\u00e9l\u00e9charger<\/button><\/span>\n\t\t<span class=\"frm_compact_text\"><button type=\"button\" aria-label=\"Attach a document (cv, cover letter...). Choisir un fichier. Maximum file size: 10MB\">Choisir un fichier<\/button><\/span>\n\t\t<div class=\"frm_small_text\">\n\t\t\t<p>Maximum file size: 10MB<\/p>\n\t\t<\/div>\n\t<\/div>\n<\/div>\n\t\r\n    \r\n    \r\n<\/div>\n<div id=\"frm_field_305_container\" class=\"frm_form_field form-field  frm_none_container\">\n    <label for=\"g-recaptcha-response\" id=\"field_6abma_label\" class=\"frm_primary_label\">\n        <span class=\"frm_required\"><\/span>\n    <\/label>\n    <div  id=\"field_6abma\" class=\"g-recaptcha\" data-sitekey=\"6Lf_I6UUAAAAADAXpUSciWhG-I_4z1QN5bNbZiFc\" data-size=\"normal\" data-theme=\"light\"><\/div>\n    \n    \n<\/div>\n<div id=\"frm_field_369_container\" class=\"frm_form_field form-field \">\n\t<div class=\"frm_submit right\">\r\n\r\n<button class=\"frm_button_submit frm_final_submit\" type=\"submit\"   formnovalidate=\"formnovalidate\">SEND<\/button>\r\n\r\n<\/div>\n<\/div>\n\t<input type=\"hidden\" name=\"item_key\" value=\"\" \/>\n\t\t\t<div id=\"frm_field_370_container\">\n\t\t\t<label for=\"field_5dv7g\" >\n\t\t\t\tIf you are human, leave this field blank.\t\t\t<\/label>\n\t\t\t<input  id=\"field_5dv7g\" type=\"text\" class=\"frm_form_field form-field frm_verify\" name=\"item_meta[370]\" value=\"\"  \/>\n\t\t<\/div>\n\t\t<input name=\"frm_state\" type=\"hidden\" value=\"aJluEIN0fgbvhfSMX7qq4Atcmbe2laOoiSONVE8CdWYBBZywGHFRzRW+DL87qWTY\" \/><\/div>\n<\/fieldset>\n<\/div>\n\n<\/form>\n<\/div>\n [\/et_pb_text][\/et_pb_column][\/et_pb_row][\/et_pb_section]<\/p>\n","protected":false},"excerpt":{"rendered":"<p>Join the Odyssea team A casual environment In a friendly and relaxed atmosphere between the team and travelers, spend your day with a smile. Growing Agency It\u2019s with a lot [&hellip;]<\/p>\n","protected":false},"author":1,"featured_media":0,"parent":0,"menu_order":5,"comment_status":"closed","ping_status":"closed","template":"","meta":{"_acf_changed":false,"_et_pb_use_builder":"on","_et_pb_old_content":"","_et_gb_content_width":"","footnotes":""},"class_list":["post-2461","page","type-page","status-publish","hentry"],"acf":[],"yoast_head":"<!-- This site is optimized with the Yoast SEO plugin v25.5 - https:\/\/yoast.com\/wordpress\/plugins\/seo\/ -->\n<title>Join Our Team |\u00a0Odyssea Travel Agency<\/title>\n<meta name=\"description\" content=\"In a friendly and relaxed atmosphere between teammates and with customers, spend your days with a smile.\" \/>\n<meta name=\"robots\" content=\"index, follow, max-snippet:-1, max-image-preview:large, max-video-preview:-1\" \/>\n<link rel=\"canonical\" href=\"https:\/\/www.odyssea-voyage.com\/en\/career\/\" \/>\n<meta property=\"og:locale\" content=\"en_US\" \/>\n<meta property=\"og:type\" content=\"article\" \/>\n<meta property=\"og:title\" content=\"Join Our Team |\u00a0Odyssea Travel Agency\" \/>\n<meta property=\"og:description\" content=\"In a friendly and relaxed atmosphere between teammates and with customers, spend your days with a smile.\" \/>\n<meta property=\"og:url\" content=\"https:\/\/www.odyssea-voyage.com\/en\/career\/\" \/>\n<meta property=\"og:site_name\" content=\"Odyssea, Travel Agency\" \/>\n<meta property=\"article:modified_time\" content=\"2018-09-27T15:05:32+00:00\" \/>\n<meta name=\"twitter:card\" content=\"summary_large_image\" \/>\n<meta name=\"twitter:label1\" content=\"Est. reading time\" \/>\n\t<meta name=\"twitter:data1\" content=\"4 minutes\" \/>\n<script type=\"application\/ld+json\" class=\"yoast-schema-graph\">{\"@context\":\"https:\/\/schema.org\",\"@graph\":[{\"@type\":\"WebPage\",\"@id\":\"https:\/\/www.odyssea-voyage.com\/en\/career\/\",\"url\":\"https:\/\/www.odyssea-voyage.com\/en\/career\/\",\"name\":\"Join Our Team |\u00a0Odyssea Travel Agency\",\"isPartOf\":{\"@id\":\"https:\/\/www.odyssea-voyage.com\/#website\"},\"datePublished\":\"2017-05-01T12:47:24+00:00\",\"dateModified\":\"2018-09-27T15:05:32+00:00\",\"description\":\"In a friendly and relaxed atmosphere between teammates and with customers, spend your days with a smile.\",\"breadcrumb\":{\"@id\":\"https:\/\/www.odyssea-voyage.com\/en\/career\/#breadcrumb\"},\"inLanguage\":\"en-US\",\"potentialAction\":[{\"@type\":\"ReadAction\",\"target\":[\"https:\/\/www.odyssea-voyage.com\/en\/career\/\"]}]},{\"@type\":\"BreadcrumbList\",\"@id\":\"https:\/\/www.odyssea-voyage.com\/en\/career\/#breadcrumb\",\"itemListElement\":[{\"@type\":\"ListItem\",\"position\":1,\"name\":\"Home\",\"item\":\"https:\/\/www.odyssea-voyage.com\/en\/\"},{\"@type\":\"ListItem\",\"position\":2,\"name\":\"Career\"}]},{\"@type\":\"WebSite\",\"@id\":\"https:\/\/www.odyssea-voyage.com\/#website\",\"url\":\"https:\/\/www.odyssea-voyage.com\/\",\"name\":\"Odyssea, Travel Agency\",\"description\":\"\",\"potentialAction\":[{\"@type\":\"SearchAction\",\"target\":{\"@type\":\"EntryPoint\",\"urlTemplate\":\"https:\/\/www.odyssea-voyage.com\/?s={search_term_string}\"},\"query-input\":{\"@type\":\"PropertyValueSpecification\",\"valueRequired\":true,\"valueName\":\"search_term_string\"}}],\"inLanguage\":\"en-US\"}]}<\/script>\n<!-- \/ Yoast SEO plugin. -->","yoast_head_json":{"title":"Join Our Team |\u00a0Odyssea Travel Agency","description":"In a friendly and relaxed atmosphere between teammates and with customers, spend your days with a smile.","robots":{"index":"index","follow":"follow","max-snippet":"max-snippet:-1","max-image-preview":"max-image-preview:large","max-video-preview":"max-video-preview:-1"},"canonical":"https:\/\/www.odyssea-voyage.com\/en\/career\/","og_locale":"en_US","og_type":"article","og_title":"Join Our Team |\u00a0Odyssea Travel Agency","og_description":"In a friendly and relaxed atmosphere between teammates and with customers, spend your days with a smile.","og_url":"https:\/\/www.odyssea-voyage.com\/en\/career\/","og_site_name":"Odyssea, Travel Agency","article_modified_time":"2018-09-27T15:05:32+00:00","twitter_card":"summary_large_image","twitter_misc":{"Est. reading time":"4 minutes"},"schema":{"@context":"https:\/\/schema.org","@graph":[{"@type":"WebPage","@id":"https:\/\/www.odyssea-voyage.com\/en\/career\/","url":"https:\/\/www.odyssea-voyage.com\/en\/career\/","name":"Join Our Team |\u00a0Odyssea Travel Agency","isPartOf":{"@id":"https:\/\/www.odyssea-voyage.com\/#website"},"datePublished":"2017-05-01T12:47:24+00:00","dateModified":"2018-09-27T15:05:32+00:00","description":"In a friendly and relaxed atmosphere between teammates and with customers, spend your days with a smile.","breadcrumb":{"@id":"https:\/\/www.odyssea-voyage.com\/en\/career\/#breadcrumb"},"inLanguage":"en-US","potentialAction":[{"@type":"ReadAction","target":["https:\/\/www.odyssea-voyage.com\/en\/career\/"]}]},{"@type":"BreadcrumbList","@id":"https:\/\/www.odyssea-voyage.com\/en\/career\/#breadcrumb","itemListElement":[{"@type":"ListItem","position":1,"name":"Home","item":"https:\/\/www.odyssea-voyage.com\/en\/"},{"@type":"ListItem","position":2,"name":"Career"}]},{"@type":"WebSite","@id":"https:\/\/www.odyssea-voyage.com\/#website","url":"https:\/\/www.odyssea-voyage.com\/","name":"Odyssea, Travel Agency","description":"","potentialAction":[{"@type":"SearchAction","target":{"@type":"EntryPoint","urlTemplate":"https:\/\/www.odyssea-voyage.com\/?s={search_term_string}"},"query-input":{"@type":"PropertyValueSpecification","valueRequired":true,"valueName":"search_term_string"}}],"inLanguage":"en-US"}]}},"_links":{"self":[{"href":"https:\/\/www.odyssea-voyage.com\/en\/wp-json\/wp\/v2\/pages\/2461","targetHints":{"allow":["GET"]}}],"collection":[{"href":"https:\/\/www.odyssea-voyage.com\/en\/wp-json\/wp\/v2\/pages"}],"about":[{"href":"https:\/\/www.odyssea-voyage.com\/en\/wp-json\/wp\/v2\/types\/page"}],"author":[{"embeddable":true,"href":"https:\/\/www.odyssea-voyage.com\/en\/wp-json\/wp\/v2\/users\/1"}],"replies":[{"embeddable":true,"href":"https:\/\/www.odyssea-voyage.com\/en\/wp-json\/wp\/v2\/comments?post=2461"}],"version-history":[{"count":0,"href":"https:\/\/www.odyssea-voyage.com\/en\/wp-json\/wp\/v2\/pages\/2461\/revisions"}],"wp:attachment":[{"href":"https:\/\/www.odyssea-voyage.com\/en\/wp-json\/wp\/v2\/media?parent=2461"}],"curies":[{"name":"wp","href":"https:\/\/api.w.org\/{rel}","templated":true}]}}